{"id":2397,"date":"2020-05-14T10:23:06","date_gmt":"2020-05-14T10:23:06","guid":{"rendered":"http:\/\/35.214.204.139\/~httpdolmsundetma\/reise-hit\/"},"modified":"2020-07-13T14:08:57","modified_gmt":"2020-07-13T14:08:57","slug":"reise-hit","status":"publish","type":"page","link":"https:\/\/dolmsundet-marina.no\/en\/reise-hit\/","title":{"rendered":"TRAVEL"},"content":{"rendered":"<div id=\"pl-2397\"  class=\"panel-layout\" ><div id=\"pg-2397-0\"  class=\"panel-grid panel-has-style\" ><div class=\"google_map_reise siteorigin-panels-stretch panel-row-style panel-row-style-for-2397-0\" data-stretch-type=\"full-stretched\" ><div id=\"pgc-2397-0-0\"  class=\"panel-grid-cell\" ><div id=\"panel-2397-0-0-0\" class=\"widget_text so-panel widget widget_custom_html panel-first-child panel-last-child\" data-index=\"0\" ><div class=\"textwidget custom-html-widget\"><iframe src=\"https:\/\/www.google.com\/maps\/embed?pb=!1m18!1m12!1m3!1d33104.65556864443!2d8.795252496633374!3d63.63282385262649!2m3!1f0!2f0!3f0!3m2!1i1024!2i768!4f13.1!3m3!1m2!1s0x46125ef662c2efd9%3A0xe90222d55b6bfff5!2sDolmsundet%20Marina!5e0!3m2!1sen!2sro!4v1589869406572!5m2!1sen!2sro\" width=\"600\" height=\"450\" frameborder=\"0\" style=\"border:0;\" allowfullscreen=\"\" aria-hidden=\"false\" tabindex=\"0\"><\/iframe><\/div><\/div><\/div><\/div><\/div><div id=\"pg-2397-1\"  class=\"panel-grid panel-has-style\" ><div class=\"hit_top panel-row-style panel-row-style-for-2397-1\" ><div id=\"pgc-2397-1-0\"  class=\"panel-grid-cell\" ><div id=\"panel-2397-1-0-0\" class=\"so-panel widget widget_title-box panel-first-child\" data-index=\"1\" ><div\n\t\t\t\n\t\t\tclass=\"so-widget-title-box so-widget-title-box-default-d75171398898-2397\"\n\t\t\t\n\t\t><div class=\"title_section\">\r\n\t<h1 class=\"position_left color_red margin_b25\">Travel<\/h1>\t\t\r\n<\/div><\/div><\/div><div id=\"panel-2397-1-0-1\" class=\"so-panel widget widget_sow-editor\" data-index=\"2\" ><div\n\t\t\t\n\t\t\tclass=\"so-widget-sow-editor so-widget-sow-editor-base\"\n\t\t\t\n\t\t>\n<div class=\"siteorigin-widget-tinymce textwidget\">\n\t<p>Dolmsundet Marina &amp; Dolmsundet Lodge is located in the Hitra archipelago, centrally located at the Tr\u00f8ndelag Coast in Norway. Dolmsundet Marina's GPS position is: 63.38.20 N and 08.48.50 E.<\/p>\n<p>The nearest airport is Trondheim Airport, V\u00e6rnes (TRD) in Stj\u00f8rdal Municipality, Tr\u00f8ndelag. The TRD is approx. 30 minutes North of Trondheim. It takes 2.5 hours to drive from Trondheim Airport to Dolmsundet Marina, Hitra.<\/p>\n<\/div>\n<\/div><\/div><div id=\"panel-2397-1-0-2\" class=\"so-panel widget widget_title-box\" data-index=\"3\" ><div\n\t\t\t\n\t\t\tclass=\"so-widget-title-box so-widget-title-box-default-d75171398898-2397\"\n\t\t\t\n\t\t><div class=\"title_section\">\r\n\t<h2 class=\"position_left color_red margin_b0\">FLYING TO TRONDHEIM<\/h2>\t\t\r\n<\/div><\/div><\/div><div id=\"panel-2397-1-0-3\" class=\"so-panel widget widget_title-box\" data-index=\"4\" ><div\n\t\t\t\n\t\t\tclass=\"so-widget-title-box so-widget-title-box-default-d75171398898-2397\"\n\t\t\t\n\t\t><div class=\"title_section\">\r\n\t<h3 class=\"position_left color_blue margin_b0\">Domestic and International<\/h3>\t\t\r\n<\/div><\/div><\/div><div id=\"panel-2397-1-0-4\" class=\"so-panel widget widget_sow-editor\" data-index=\"5\" ><div\n\t\t\t\n\t\t\tclass=\"so-widget-sow-editor so-widget-sow-editor-base\"\n\t\t\t\n\t\t>\n<div class=\"siteorigin-widget-tinymce textwidget\">\n\t<p><a href=\"https:\/\/www.norwegian.com\/uk\/\" target=\"_blank\" rel=\"noopener\">Norwegian<\/a> and <a href=\"https:\/\/www.flysas.com\/gb-en\/?_source=marketselector\" target=\"_blank\" rel=\"noopener\">SAS<\/a> flies to Trondheim from domestic and international destinations, <a href=\"https:\/\/www.wideroe.no\/en\/home\" target=\"_blank\" rel=\"noopener\">Wider\u00f8e<\/a> flies to Trondheim from only domestic destinations and several international airlines flies to Trondheim from international destinations.<\/p>\n<\/div>\n<\/div><\/div><div id=\"panel-2397-1-0-5\" class=\"so-panel widget widget_title-box\" data-index=\"6\" ><div\n\t\t\t\n\t\t\tclass=\"so-widget-title-box so-widget-title-box-default-d75171398898-2397\"\n\t\t\t\n\t\t><div class=\"title_section\">\r\n\t<h5 class=\"position_left color_blue margin_b0\">INTERNATIONAL FLIGHTS TO TRONDHEIM <\/h5>\t\t\r\n<\/div><\/div><\/div><div id=\"panel-2397-1-0-6\" class=\"widget_text so-panel widget widget_custom_html\" data-index=\"7\" ><div class=\"widget_text table_two_top panel-widget-style panel-widget-style-for-2397-1-0-6\" ><div class=\"textwidget custom-html-widget\"><table>\n  <tr>\n    <td>London Gatwick - Trondheim<\/td>\n    <td>Norwegian<\/td>\n  <\/tr>\n  <tr>\n    <td>Helsinki - Trondheim<\/td>\n    <td>Finnair<\/td>\n  <\/tr>\n  \n  <tr>\n    <td>K\u00f8benhavn - Trondheim <\/td>\n    <td>SAS<\/td>\n  <\/tr>\n  \n  <tr>\n    <td>Amsterdam - Trondheim<\/td>\n    <td>KLM<\/td>\n  <\/tr>\n  \n  <tr>\n    <td>Stockholm - Trondheim<\/td>\n    <td>SAS<\/td>\n  <\/tr>\n  \n  <tr>\n    <td>Gdansk - Trondheim<\/td>\n    <td>Wizzair<\/td>\n  <\/tr>\n  \n  <tr>\n    <td>Riga - Trondheim<\/td>\n    <td>airBalti<\/td>\n  <\/tr>\n<\/table><\/div><\/div><\/div><div id=\"panel-2397-1-0-7\" class=\"so-panel widget widget_title-box\" data-index=\"8\" ><div\n\t\t\t\n\t\t\tclass=\"so-widget-title-box so-widget-title-box-default-d75171398898-2397\"\n\t\t\t\n\t\t><div class=\"title_section\">\r\n\t<h5 class=\"position_left color_blue margin_b0\">DOMESTIC FLIGHTS TO TRONDHEIM<\/h5>\t\t\r\n<\/div><\/div><\/div><div id=\"panel-2397-1-0-8\" class=\"widget_text so-panel widget widget_custom_html panel-last-child\" data-index=\"9\" ><div class=\"widget_text table_down panel-widget-style panel-widget-style-for-2397-1-0-8\" ><div class=\"textwidget custom-html-widget\"><table>\n  <tr>\n    <td><span>Bergen<\/span>Norge<\/td>\n    <td><span>Kristiansand<\/span>Norge<\/td>\n    <td><span>Namsos<\/span>Norge<\/td>\n    <td><span>Stavanger<\/span>Norge<\/td>\n  <\/tr>\n\t\n   <tr>\n    <td><span>Bod\u00f8<\/span>Norge<\/td>\n    <td><span>Kristiansund<\/span>Norge<\/td>\n    <td><span>Oslo<\/span>Norge<\/td>\n    <td><span>Torp<\/span>Norge<\/td>\n  <\/tr>\n  \n   <tr>\n    <td><span>Br\u00f8nn\u00f8ysund<\/span>Norway<\/td>\n    <td><span>Mo i Rana<\/span>Norway<\/td>\n    <td><span>R\u00f8rvik<\/span>Norway<\/td>\n    <td><span>Troms\u00f8<\/span>Norway<\/td>\n  <\/tr>\n  \n   <tr>\n    <td><span>Harstad\/Narvik<\/span>Norway<\/td>\n    <td><span>Mosj\u00f8en<\/span>Norway<\/td>\n    <td><span>Sandnessj\u00f8en<\/span>Norway<\/td>\n    <td><span>\u00c5lesund<\/span>Norway<\/td>\n  <\/tr>\n  \n<\/table><\/div><\/div><\/div><\/div><div id=\"pgc-2397-1-1\"  class=\"panel-grid-cell\" ><div id=\"panel-2397-1-1-0\" class=\"so-panel widget widget_title-box panel-first-child\" data-index=\"10\" ><div\n\t\t\t\n\t\t\tclass=\"so-widget-title-box so-widget-title-box-default-d75171398898-2397\"\n\t\t\t\n\t\t><div class=\"title_section\">\r\n\t<h2 class=\"position_left color_red margin_b25\">Visa &amp; Tavel Support<\/h2>\t\t\r\n<\/div><\/div><\/div><div id=\"panel-2397-1-1-1\" class=\"so-panel widget widget_sow-image\" data-index=\"11\" ><div\n\t\t\t\n\t\t\tclass=\"so-widget-sow-image so-widget-sow-image-default-7877d6771435-2397\"\n\t\t\t\n\t\t>\n\n<div class=\"sow-image-container\">\n\t\t<img src=\"https:\/\/dolmsundet-marina.no\/wp-content\/uploads\/2020\/05\/visa_application.jpg\" width=\"738\" height=\"566\" srcset=\"https:\/\/dolmsundet-marina.no\/wp-content\/uploads\/2020\/05\/visa_application.jpg 738w, https:\/\/dolmsundet-marina.no\/wp-content\/uploads\/2020\/05\/visa_application-300x230.jpg 300w\" sizes=\"(max-width: 738px) 100vw, 738px\" alt=\"\" loading=\"lazy\" \t\tclass=\"so-widget-image\"\/>\n\t<\/div>\n\n<\/div><\/div><div id=\"panel-2397-1-1-2\" class=\"so-panel widget widget_siteorigin-panels-builder panel-last-child\" data-index=\"12\" ><div class=\"blue_right_sidebar panel-widget-style panel-widget-style-for-2397-1-1-2\" ><div id=\"pl-w5f01f7b4d4247\"  class=\"panel-layout\" ><div id=\"pg-w5f01f7b4d4247-0\"  class=\"panel-grid panel-no-style\" ><div id=\"pgc-w5f01f7b4d4247-0-0\"  class=\"panel-grid-cell\" ><div id=\"panel-w5f01f7b4d4247-0-0-0\" class=\"so-panel widget widget_sow-editor panel-first-child\" data-index=\"0\" ><div\n\t\t\t\n\t\t\tclass=\"so-widget-sow-editor so-widget-sow-editor-base\"\n\t\t\t\n\t\t><h3 class=\"widget-title\">VISA &amp; TRAVEL SUPPORT<\/h3>\n<div class=\"siteorigin-widget-tinymce textwidget\">\n\t<p>Guests who have citizenships outside of the Schengen area must apply for a Visitor Visa to enter Norway.<\/p>\n<p>When Dolmsundet Marina AS has received your booking and pre-payment, we\u2019ll issue an official letter of your booking &amp; payment status that will be e-mailed to you. This letter is required documentation for the Visa application process.<\/p>\n<p>Apply for Visitor Visa: <a href=\"https:\/\/www.udi.no\/en\/want-to-apply\/visit-and-holiday\/\" target=\"_blank\" rel=\"noopener\">Utlendingsdirektoratet<\/a><\/p>\n<\/div>\n<\/div><\/div><div id=\"panel-w5f01f7b4d4247-0-0-1\" class=\"so-panel widget widget_sow-editor panel-last-child\" data-index=\"1\" ><div\n\t\t\t\n\t\t\tclass=\"so-widget-sow-editor so-widget-sow-editor-base\"\n\t\t\t\n\t\t><h3 class=\"widget-title\">CONTACT<\/h3>\n<div class=\"siteorigin-widget-tinymce textwidget\">\n\t<p>phone: <a href=\"tel:+4799012558\" target=\"_blank\" rel=\"noopener\">+ 47 99 01 25 58<\/a><br \/>\ne-mail: <a href=\"mailto:post@dolmsundet-marina.no\" target=\"_blank\" rel=\"noopener\">post@dolmsundet-marina.no<\/a><\/p>\n<\/div>\n<\/div><\/div><\/div><\/div><\/div><\/div><\/div><\/div><\/div><\/div><div id=\"pg-2397-2\"  class=\"panel-grid panel-has-style\" ><div class=\"hit_bottom siteorigin-panels-stretch panel-row-style panel-row-style-for-2397-2\" data-stretch-type=\"full\" ><div id=\"pgc-2397-2-0\"  class=\"panel-grid-cell\" ><div id=\"panel-2397-2-0-0\" class=\"so-panel widget widget_title-box panel-first-child\" data-index=\"13\" ><div\n\t\t\t\n\t\t\tclass=\"so-widget-title-box so-widget-title-box-default-d75171398898-2397\"\n\t\t\t\n\t\t><div class=\"title_section\">\r\n\t<h2 class=\"position_left color_red margin_b0\">BY CAR TO DOLMSUNDET - HITRA<\/h2>\t\t\r\n<\/div><\/div><\/div><div id=\"panel-2397-2-0-1\" class=\"so-panel widget widget_sow-editor panel-last-child\" data-index=\"14\" ><div\n\t\t\t\n\t\t\tclass=\"so-widget-sow-editor so-widget-sow-editor-base\"\n\t\t\t\n\t\t>\n<div class=\"siteorigin-widget-tinymce textwidget\">\n\t<p>Trondheim is located in Mid-Norway, along E6, with good road accessibility from the north, south and east.<\/p>\n<p><strong>From Trondheim:<\/strong><br \/>\n2 h 12 min (146 km) via Fv714. Take E6, E39 and Fv714 to Hitra, make a left on Fv381 towards Melandsj\u00f8,(550 m) make a right on Dolmsundveien, drive to Dolmsundet Marina, Dolmsundveien 28.<\/p>\n<p><strong>From Kristiansund:<\/strong><br \/>\n4 h 10 min (230 km). Follow Rv70 to E39 in Gjemnes. Continue to Tingvoll municipality. Take Halsa-Kanestraum\/E39-ferry. Follow E39 to Orkland. Continue on E39\/Fv714 to Hitra, continue on Fv714 to Fv381 towards Melandsj\u00f8, (550 m) make a right on Dolmsundveien, drive to Dolmsundet Marina, Dolmsundveien 28<\/p>\n<p><strong>From R\u00f8ros<\/strong>:<br \/>\n3 h 55 min (267 km). Take Fv30, E6, E39 og Fv714, continue on Fv714 to Fv381 towards Melandsj\u00f8,(550 m) make a right on Dolmsundveien, drive to Dolmsundet Marina, Dolmsundveien 28<\/p>\n<p><strong>From Bod\u00f8:<\/strong><br \/>\n11 h 59 min (842 km) via E6 til Fauske. F\u00f8lg E6 og E39 til Fv714 i Orkland. Exit E39 and make a right and continue on Fv714 to Hitra\/Melandsj\u00f8 turn left on Fv381 towards Melandsj\u00f8,(550 m) make a right on Dolmsundveien, drive to Dolmsundet Marina, Dolmsundveien 28.<\/p>\n<p><strong>From Oslo:<\/strong><br \/>\n7 h 50 min (576 km) Via \u00d8sterdalen. Follow E6 og Rv3 to Fv700 in Berk\u00e5k 5 h 13 min (410 km) Follow Fv700 to Orkdalsveien\/Fv65 in Svorkmo. Continue on Orkdalsveien\/Fv65. Take Fv461 to Fv714\/Hitra.<\/p>\n<\/div>\n<\/div><\/div><\/div><div id=\"pgc-2397-2-1\"  class=\"panel-grid-cell\" ><div id=\"panel-2397-2-1-0\" class=\"so-panel widget widget_sow-editor panel-first-child\" data-index=\"15\" ><div\n\t\t\t\n\t\t\tclass=\"so-widget-sow-editor so-widget-sow-editor-base\"\n\t\t\t\n\t\t>\n<div class=\"siteorigin-widget-tinymce textwidget\">\n\t<p>Make a left on Fv381 towards Melandsj\u00f8, (550 m) and make a right on Dolmsundveien and drive to Dolmsundet Marina, Dolmsundveien 28.<\/p>\n<p><strong>From Sundsvall:<\/strong><br \/>\n7 h 57 min (587 km) Follow E14, E6 og E39 to Fv714 in Orkland, Norway. Make a right on Fv714 to Hitra. Turne left on Fv381 towards Melandsj\u00f8,(550 m), right on Dolmsundveien, drive to Dolmsundet Marina, Dolmsundveien 28.<\/p>\n<p><strong>From Stockholm:<\/strong><br \/>\n11 t 30 min (917 km) via E4. Follow E4 to Route 83 in G\u00e4vleborgs county. Take exit 203-Trafikplats T\u00f6nnebro from E4. Continue on Route 83. Take Route 84 to Europav\u00e4g 45\/E45 i J\u00e4mtlands county. Turn right on Europav\u00e4g 45\/E45. Turn left and on to Svenstav\u00e4gen\/Route 321. Continue and follow Route 32. Follow E14, E6 og E39 to Fv714 in Orkland, Norge. Exit E39 to the right. Fortsett p\u00e5 Fv714 to Hitra to Fv381, turn left towards Melandsj\u00f8,(550 m), right on Dolmsundveien, drive to Dolmsundet Marina,<br \/>\nDolmsundveien 28.<\/p>\n<\/div>\n<\/div><\/div><div id=\"panel-2397-2-1-1\" class=\"so-panel widget widget_title-box\" data-index=\"16\" ><div\n\t\t\t\n\t\t\tclass=\"so-widget-title-box so-widget-title-box-default-d75171398898-2397\"\n\t\t\t\n\t\t><div class=\"title_section\">\r\n\t<h3 class=\"position_left color_red margin_b0\">BUSS &amp; HURTIGB\u00c5T<\/h3>\t\t\r\n<\/div><\/div><\/div><div id=\"panel-2397-2-1-2\" class=\"so-panel widget widget_title-box\" data-index=\"17\" ><div\n\t\t\t\n\t\t\tclass=\"so-widget-title-box so-widget-title-box-default-d75171398898-2397\"\n\t\t\t\n\t\t><div class=\"title_section\">\r\n\t<h4 class=\"position_left color_blue margin_b0\">Trondheim - Dolmsundet<\/h4>\t\t\r\n<\/div><\/div><\/div><div id=\"panel-2397-2-1-3\" class=\"so-panel widget widget_sow-editor\" data-index=\"18\" ><div\n\t\t\t\n\t\t\tclass=\"so-widget-sow-editor so-widget-sow-editor-base\"\n\t\t\t\n\t\t>\n<div class=\"siteorigin-widget-tinymce textwidget\">\n\t<p><a href=\"https:\/\/www.atb.no\/\" target=\"_blank\" rel=\"noopener\">AtB<\/a> runs multiple bus and boat departures daily from Trondheim to Hitra. Get off at Dolmsund Bridge bus stop.<\/p>\n<\/div>\n<\/div><\/div><div id=\"panel-2397-2-1-4\" class=\"so-panel widget widget_title-box\" data-index=\"19\" ><div\n\t\t\t\n\t\t\tclass=\"so-widget-title-box so-widget-title-box-default-d75171398898-2397\"\n\t\t\t\n\t\t><div class=\"title_section\">\r\n\t<h2 class=\"position_left color_red margin_b0\">TRONDHEIM BY BUSS, TRAIN &amp; BOAT <\/h2>\t\t\r\n<\/div><\/div><\/div><div id=\"panel-2397-2-1-5\" class=\"so-panel widget widget_sow-editor panel-last-child\" data-index=\"20\" ><div\n\t\t\t\n\t\t\tclass=\"so-widget-sow-editor so-widget-sow-editor-base\"\n\t\t\t\n\t\t>\n<div class=\"siteorigin-widget-tinymce textwidget\">\n\t<p>To get to Trondheim you can travel by national and local bus lines. From Oslo you can travel to Trondheim with <a href=\"https:\/\/www.nor-way.no\/en#\/\" target=\"_blank\" rel=\"noopener\">NOR-WAY Bus Express<\/a>\u00a0 it runs multiple daily departures. You can tavel by train to Trondheim from Oslo in the South and from Fauske in the North with <a href=\"https:\/\/www.vy.no\/en\" target=\"_blank\" rel=\"noopener\">VY<\/a>. Several departures daily. Both South and Northbound <a href=\"https:\/\/www.hurtigruten.no\/havn-til-havn\/#\/\" target=\"_blank\" rel=\"noopener\">Hurtigrute<\/a> from Bergen and Kirkenes has daily stops in Trondheim.<\/p>\n<\/div>\n<\/div><\/div><\/div><\/div><\/div><\/div>","protected":false},"excerpt":{"rendered":"<p>Dolmsundet Marina &amp; Dolmsundet Lodge is located in the Hitra archipelago, centrally located at the Tr\u00f8ndelag Coast in Norway. Dolmsundet Marina&#8217;s GPS position is: 63.38.20 N and 08.48.50 E. The nearest airport is Trondheim Airport, V\u00e6rnes (TRD) in Stj\u00f8rdal Municipality, Tr\u00f8ndelag. The TRD is approx. 30 minutes North of Trondheim. It takes 2.5 hours to [&hellip;]<\/p>\n","protected":false},"author":5,"featured_media":0,"parent":0,"menu_order":0,"comment_status":"closed","ping_status":"closed","template":"","meta":[],"acf":[],"yoast_head":"<!-- This site is optimized with the Yoast SEO Premium plugin v20.6 (Yoast SEO v20.6) - https:\/\/yoast.com\/wordpress\/plugins\/seo\/ -->\n<title>TRAVEL - Dolmsundet Marina<\/title>\n<meta name=\"robots\" content=\"index, follow, max-snippet:-1, max-image-preview:large, max-video-preview:-1\" \/>\n<link rel=\"canonical\" href=\"https:\/\/dolmsundet-marina.no\/en\/reise-hit\/\" \/>\n<meta property=\"og:locale\" content=\"en_US\" \/>\n<meta property=\"og:type\" content=\"article\" \/>\n<meta property=\"og:title\" content=\"TRAVEL\" \/>\n<meta property=\"og:description\" content=\"Dolmsundet Marina &amp; Dolmsundet Lodge is located in the Hitra archipelago, centrally located at the Tr\u00f8ndelag Coast in Norway. Dolmsundet Marina&#039;s GPS position is: 63.38.20 N and 08.48.50 E. The nearest airport is Trondheim Airport, V\u00e6rnes (TRD) in Stj\u00f8rdal Municipality, Tr\u00f8ndelag. The TRD is approx. 30 minutes North of Trondheim. It takes 2.5 hours to [&hellip;]\" \/>\n<meta property=\"og:url\" content=\"https:\/\/dolmsundet-marina.no\/en\/reise-hit\/\" \/>\n<meta property=\"og:site_name\" content=\"Dolmsundet Marina\" \/>\n<meta property=\"article:publisher\" content=\"https:\/\/www.facebook.com\/Dolmsundet-Marina-301526306614208\" \/>\n<meta property=\"article:modified_time\" content=\"2020-07-13T14:08:57+00:00\" \/>\n<meta property=\"og:image\" content=\"https:\/\/dolmsundet-marina.no\/wp-content\/uploads\/2020\/08\/2020-07-14-22.35.16.jpg\" \/>\n\t<meta property=\"og:image:width\" content=\"1980\" \/>\n\t<meta property=\"og:image:height\" content=\"1112\" \/>\n\t<meta property=\"og:image:type\" content=\"image\/jpeg\" \/>\n<meta name=\"twitter:card\" content=\"summary_large_image\" \/>\n<meta name=\"twitter:label1\" content=\"Est. reading time\" \/>\n\t<meta name=\"twitter:data1\" content=\"4 minutes\" \/>\n<script type=\"application\/ld+json\" class=\"yoast-schema-graph\">{\"@context\":\"https:\/\/schema.org\",\"@graph\":[{\"@type\":\"WebPage\",\"@id\":\"https:\/\/dolmsundet-marina.no\/en\/reise-hit\/\",\"url\":\"https:\/\/dolmsundet-marina.no\/en\/reise-hit\/\",\"name\":\"TRAVEL - Dolmsundet Marina\",\"isPartOf\":{\"@id\":\"https:\/\/dolmsundet-marina.no\/en\/#website\"},\"datePublished\":\"2020-05-14T10:23:06+00:00\",\"dateModified\":\"2020-07-13T14:08:57+00:00\",\"breadcrumb\":{\"@id\":\"https:\/\/dolmsundet-marina.no\/en\/reise-hit\/#breadcrumb\"},\"inLanguage\":\"en-US\",\"potentialAction\":[{\"@type\":\"ReadAction\",\"target\":[\"https:\/\/dolmsundet-marina.no\/en\/reise-hit\/\"]}]},{\"@type\":\"BreadcrumbList\",\"@id\":\"https:\/\/dolmsundet-marina.no\/en\/reise-hit\/#breadcrumb\",\"itemListElement\":[{\"@type\":\"ListItem\",\"position\":1,\"name\":\"Home\",\"item\":\"https:\/\/dolmsundet-marina.no\/en\/\"},{\"@type\":\"ListItem\",\"position\":2,\"name\":\"TRAVEL\"}]},{\"@type\":\"WebSite\",\"@id\":\"https:\/\/dolmsundet-marina.no\/en\/#website\",\"url\":\"https:\/\/dolmsundet-marina.no\/en\/\",\"name\":\"Dolmsundet Marina\",\"description\":\"\",\"potentialAction\":[{\"@type\":\"SearchAction\",\"target\":{\"@type\":\"EntryPoint\",\"urlTemplate\":\"https:\/\/dolmsundet-marina.no\/en\/?s={search_term_string}\"},\"query-input\":\"required name=search_term_string\"}],\"inLanguage\":\"en-US\"}]}<\/script>\n<!-- \/ Yoast SEO Premium plugin. -->","yoast_head_json":{"title":"TRAVEL - Dolmsundet Marina","robots":{"index":"index","follow":"follow","max-snippet":"max-snippet:-1","max-image-preview":"max-image-preview:large","max-video-preview":"max-video-preview:-1"},"canonical":"https:\/\/dolmsundet-marina.no\/en\/reise-hit\/","og_locale":"en_US","og_type":"article","og_title":"TRAVEL","og_description":"Dolmsundet Marina &amp; Dolmsundet Lodge is located in the Hitra archipelago, centrally located at the Tr\u00f8ndelag Coast in Norway. Dolmsundet Marina's GPS position is: 63.38.20 N and 08.48.50 E. The nearest airport is Trondheim Airport, V\u00e6rnes (TRD) in Stj\u00f8rdal Municipality, Tr\u00f8ndelag. The TRD is approx. 30 minutes North of Trondheim. It takes 2.5 hours to [&hellip;]","og_url":"https:\/\/dolmsundet-marina.no\/en\/reise-hit\/","og_site_name":"Dolmsundet Marina","article_publisher":"https:\/\/www.facebook.com\/Dolmsundet-Marina-301526306614208","article_modified_time":"2020-07-13T14:08:57+00:00","og_image":[{"width":1980,"height":1112,"url":"https:\/\/dolmsundet-marina.no\/wp-content\/uploads\/2020\/08\/2020-07-14-22.35.16.jpg","type":"image\/jpeg"}],"twitter_card":"summary_large_image","twitter_misc":{"Est. reading time":"4 minutes"},"schema":{"@context":"https:\/\/schema.org","@graph":[{"@type":"WebPage","@id":"https:\/\/dolmsundet-marina.no\/en\/reise-hit\/","url":"https:\/\/dolmsundet-marina.no\/en\/reise-hit\/","name":"TRAVEL - Dolmsundet Marina","isPartOf":{"@id":"https:\/\/dolmsundet-marina.no\/en\/#website"},"datePublished":"2020-05-14T10:23:06+00:00","dateModified":"2020-07-13T14:08:57+00:00","breadcrumb":{"@id":"https:\/\/dolmsundet-marina.no\/en\/reise-hit\/#breadcrumb"},"inLanguage":"en-US","potentialAction":[{"@type":"ReadAction","target":["https:\/\/dolmsundet-marina.no\/en\/reise-hit\/"]}]},{"@type":"BreadcrumbList","@id":"https:\/\/dolmsundet-marina.no\/en\/reise-hit\/#breadcrumb","itemListElement":[{"@type":"ListItem","position":1,"name":"Home","item":"https:\/\/dolmsundet-marina.no\/en\/"},{"@type":"ListItem","position":2,"name":"TRAVEL"}]},{"@type":"WebSite","@id":"https:\/\/dolmsundet-marina.no\/en\/#website","url":"https:\/\/dolmsundet-marina.no\/en\/","name":"Dolmsundet Marina","description":"","potentialAction":[{"@type":"SearchAction","target":{"@type":"EntryPoint","urlTemplate":"https:\/\/dolmsundet-marina.no\/en\/?s={search_term_string}"},"query-input":"required name=search_term_string"}],"inLanguage":"en-US"}]}},"_links":{"self":[{"href":"https:\/\/dolmsundet-marina.no\/en\/wp-json\/wp\/v2\/pages\/2397"}],"collection":[{"href":"https:\/\/dolmsundet-marina.no\/en\/wp-json\/wp\/v2\/pages"}],"about":[{"href":"https:\/\/dolmsundet-marina.no\/en\/wp-json\/wp\/v2\/types\/page"}],"author":[{"embeddable":true,"href":"https:\/\/dolmsundet-marina.no\/en\/wp-json\/wp\/v2\/users\/5"}],"replies":[{"embeddable":true,"href":"https:\/\/dolmsundet-marina.no\/en\/wp-json\/wp\/v2\/comments?post=2397"}],"version-history":[{"count":67,"href":"https:\/\/dolmsundet-marina.no\/en\/wp-json\/wp\/v2\/pages\/2397\/revisions"}],"predecessor-version":[{"id":3612,"href":"https:\/\/dolmsundet-marina.no\/en\/wp-json\/wp\/v2\/pages\/2397\/revisions\/3612"}],"wp:attachment":[{"href":"https:\/\/dolmsundet-marina.no\/en\/wp-json\/wp\/v2\/media?parent=2397"}],"curies":[{"name":"wp","href":"https:\/\/api.w.org\/{rel}","templated":true}]}}